{"id":6749,"date":"2024-12-16T12:08:15","date_gmt":"2024-12-16T11:08:15","guid":{"rendered":"https:\/\/wfmloungeradio.com\/?page_id=6749"},"modified":"2025-08-21T07:23:27","modified_gmt":"2025-08-21T05:23:27","slug":"mentions-legales-politique-de-confidentialite","status":"publish","type":"page","link":"https:\/\/wfmloungeradio.com\/index.php\/mentions-legales-politique-de-confidentialite\/","title":{"rendered":"Mentions L\u00e9gales"},"content":{"rendered":"\t\t<div data-elementor-type=\"wp-page\" data-elementor-id=\"6749\" class=\"elementor elementor-6749\">\n\t\t\t\t<div class=\"elementor-element elementor-element-b7324a0 e-flex e-con-boxed e-con e-parent\" data-id=\"b7324a0\" data-element_type=\"container\">\n\t\t\t\t\t<div class=\"e-con-inner\">\n\t\t\t\t<div class=\"elementor-element elementor-element-723603e elementor-widget elementor-widget-text-editor\" data-id=\"723603e\" data-element_type=\"widget\" data-widget_type=\"text-editor.default\">\n\t\t\t\t<div class=\"elementor-widget-container\">\n\t\t\t\t\t\t\t\t\t<h2 data-start=\"420\" data-end=\"461\">Mentions l\u00e9gales \u2014 WFM LOUNGE RADIO<\/h2><h3 data-start=\"463\" data-end=\"485\">\u00c9diteur du site<\/h3><p data-start=\"487\" data-end=\"838\"><strong data-start=\"487\" data-end=\"507\">Nom de l\u2019\u00e9diteur<\/strong> : WFM LOUNGE RADIO<br data-start=\"526\" data-end=\"529\" \/><strong data-start=\"529\" data-end=\"562\">Directeur de la publication<\/strong> : Fabien GEOFFRE<br data-start=\"599\" data-end=\"602\" \/><strong data-start=\"650\" data-end=\"671\">E-mail de contact<\/strong> : contactwfmloungeradio.com<\/p><p data-start=\"487\" data-end=\"838\"><strong>Adresse du site<\/strong> : https:\/\/wfmloungeradio.com<\/p><h3 data-start=\"845\" data-end=\"869\">H\u00e9bergeur du site<\/h3><p data-start=\"871\" data-end=\"1084\"><strong data-start=\"871\" data-end=\"893\">Nom de l\u2019h\u00e9bergeur<\/strong> : OVH\u00a0<br data-start=\"935\" data-end=\"938\" \/><strong data-start=\"938\" data-end=\"964\">Adresse de l\u2019h\u00e9bergeur<\/strong> : RCS Lille M\u00e9tropole 424 761 419 00045<\/p><p>Si\u00e8ge social : 2 rue Kellermann &#8211; 59100 Roubaix &#8211; France<\/p><p><strong data-start=\"996\" data-end=\"1008\">Site web<\/strong> : https:\/\/www.ovhcloud.com\/<\/p><p>Diffusion Audio <strong data-start=\"61\" data-end=\"75\">Digicom\u00e9dia<\/strong>\u00a0est une structure d\u00e9pendant de l\u2019<strong data-start=\"122\" data-end=\"145\">association Ultimix<\/strong><\/p><p>r\u00e9gie par la loi du 1er juillet 1901.<\/p><p><strong data-start=\"187\" data-end=\"203\">Si\u00e8ge social<\/strong> : Association Ultimix<br data-start=\"225\" data-end=\"228\" \/>154, rue de Vaugirard<br data-start=\"249\" data-end=\"252\" \/>36000 Ch\u00e2teauroux \u2013 France<\/p><h3><strong>Propri\u00e9t\u00e9 intellectuelle<\/strong><\/h3><p data-start=\"188\" data-end=\"443\">L\u2019ensemble des contenus diffus\u00e9s par <strong data-start=\"225\" data-end=\"245\">WFM LOUNGE RADIO<\/strong>, \u00e0 l\u2019exception des \u0153uvres musicales, sont des productions originales et autoproduites. Ces contenus (textes, sons, visuels, vid\u00e9os, logos, etc.) sont la propri\u00e9t\u00e9 exclusive de <strong data-start=\"422\" data-end=\"442\">WFM LOUNGE RADIO<\/strong>.<\/p><p data-start=\"445\" data-end=\"902\">Toute reproduction, repr\u00e9sentation, modification, diffusion, adaptation, ou exploitation, totale ou partielle, de ces \u00e9l\u00e9ments, par quelque proc\u00e9d\u00e9 que ce soit, sans l\u2019autorisation expresse et pr\u00e9alable de <strong data-start=\"651\" data-end=\"671\">WFM LOUNGE RADIO<\/strong>, est strictement interdite et constitue une contrefa\u00e7on susceptible d\u2019engager la responsabilit\u00e9 civile et p\u00e9nale de son auteur, conform\u00e9ment aux dispositions des articles L.335-2 et suivants du Code de la propri\u00e9t\u00e9 intellectuelle.<\/p><h3 data-start=\"1043\" data-end=\"1062\">Droits musicaux<\/h3><p data-start=\"1064\" data-end=\"1478\">Les \u0153uvres musicales diffus\u00e9es sur <strong data-start=\"1099\" data-end=\"1119\">WFM LOUNGE RADIO<\/strong> sont utilis\u00e9es dans le respect de la l\u00e9gislation en vigueur sur les droits d\u2019auteur. <strong data-start=\"1205\" data-end=\"1225\">WFM LOUNGE RADIO<\/strong> s\u2019engage \u00e0 respecter les droits des artistes, \u00e9diteurs et ayants droit via les licences appropri\u00e9es (notamment celles d\u00e9livr\u00e9es par les soci\u00e9t\u00e9s de gestion collective telles que la SACEM, la SCPP, la SPPF ou \u00e9quivalents internationaux, le cas \u00e9ch\u00e9ant).<\/p><hr data-start=\"1480\" data-end=\"1483\" \/><h3 data-start=\"1485\" data-end=\"1531\">Conditions g\u00e9n\u00e9rales d\u2019utilisation du site<\/h3><p data-start=\"1533\" data-end=\"1731\">L\u2019acc\u00e8s au site internet de <strong data-start=\"1561\" data-end=\"1581\">WFM LOUNGE RADIO<\/strong> est r\u00e9serv\u00e9 \u00e0 un usage personnel. Toute utilisation du site \u00e0 des fins commerciales ou publicitaires est strictement interdite sans accord pr\u00e9alable.<\/p><p data-start=\"1733\" data-end=\"1962\">L\u2019utilisateur s\u2019engage \u00e0 ne pas perturber le fonctionnement du site, ni \u00e0 porter atteinte \u00e0 son int\u00e9grit\u00e9 ou \u00e0 son contenu. <strong data-start=\"1857\" data-end=\"1877\">WFM LOUNGE RADIO<\/strong> se r\u00e9serve le droit de modifier ou de suspendre tout ou partie du site sans pr\u00e9avis.<\/p><h3 data-start=\"2660\" data-end=\"2702\">Protection des donn\u00e9es personnelles<\/h3><p data-start=\"2704\" data-end=\"2974\">Conform\u00e9ment au <strong data-start=\"2720\" data-end=\"2778\">R\u00e8glement G\u00e9n\u00e9ral sur la Protection des Donn\u00e9es (RGPD)<\/strong>, <strong data-start=\"2780\" data-end=\"2800\">WFM LOUNGE RADIO<\/strong> s\u2019engage \u00e0 assurer un traitement transparent, s\u00e9curis\u00e9 et limit\u00e9 des donn\u00e9es personnelles collect\u00e9es via le site (formulaires de contact, inscription \u00e0 la newsletter, etc.).<\/p><p data-start=\"2976\" data-end=\"3158\">Vous disposez d\u2019un droit d\u2019acc\u00e8s, de rectification, d\u2019opposition et de suppression de vos donn\u00e9es personnelles. Pour toute demande, veuillez \u00e9crire \u00e0 : contactwfmloungeradio.com<\/p><p data-start=\"3160\" data-end=\"3215\">Les donn\u00e9es ne sont ni revendues ni c\u00e9d\u00e9es \u00e0 des tiers.<\/p><hr data-start=\"3217\" data-end=\"3220\" \/><h3 data-start=\"3222\" data-end=\"3236\">\u00a0Cookies<\/h3><p data-start=\"3238\" data-end=\"3487\">Le site utilise des <strong data-start=\"3258\" data-end=\"3269\">cookies<\/strong> pour am\u00e9liorer la navigation, mesurer l\u2019audience et proposer certaines fonctionnalit\u00e9s.<br data-start=\"3357\" data-end=\"3360\" \/>Lors de votre premi\u00e8re visite, un bandeau vous informe de l\u2019utilisation des cookies et vous permet de g\u00e9rer votre consentement.<\/p><p data-start=\"3489\" data-end=\"3577\">Vous pouvez \u00e0 tout moment d\u00e9sactiver les cookies via les param\u00e8tres de votre navigateur.<\/p><h3><strong>Politique de confidentialit\u00e9<\/strong><\/h3><p>Quand vous laissez un commentaire sur notre site web, les donn\u00e9es inscrites dans le formulaire de commentaire, mais aussi votre adresse IP et l&rsquo;agent utilisateur de votre navigateur sont collect\u00e9s pour nous aider \u00e0 la d\u00e9tection des commentaires ind\u00e9sirables.<\/p><p>Une cha\u00eene anonymis\u00e9e cr\u00e9\u00e9e \u00e0 partir de votre adresse de messagerie (\u00e9galement appel\u00e9e hash) peut \u00eatre envoy\u00e9e au service Gravatar pour v\u00e9rifier si vous utilisez ce dernier. Les clauses de confidentialit\u00e9 du service Gravatar sont disponibles ici : https:\/\/automattic.com\/privacy\/. Apr\u00e8s validation de votre commentaire, votre photo de profil sera visible publiquement \u00e0 c\u00f4t\u00e9 de votre commentaire.<\/p><p>M\u00e9dias<\/p><p>Si vous \u00eates une utilisatrice ou un utilisateur enregistr\u00e9 et que vous t\u00e9l\u00e9versez des images sur le site web, nous vous conseillons d&rsquo;\u00e9viter de t\u00e9l\u00e9verser des images contenant des donn\u00e9es EXIF de coordonn\u00e9es GPS. Les visiteurs de votre site web peuvent t\u00e9l\u00e9charger et extraire des donn\u00e9es de localisation depuis ces images.<\/p><p>Formulaires de contact<br \/>Cookies<\/p><p>Si vous d\u00e9posez un commentaire sur notre site, il vous sera propos\u00e9 d&rsquo;enregistrer votre nom, adresse de messagerie et site web dans des cookies. C&rsquo;est uniquement pour votre confort afin de ne pas avoir \u00e0 saisir ces informations si vous d\u00e9posez un autre commentaire plus tard. Ces cookies expirent au bout d&rsquo;un an.<\/p><p>Si vous vous rendez sur la page de connexion, un cookie temporaire sera cr\u00e9\u00e9 afin de d\u00e9terminer si votre navigateur accepte les cookies. Il ne contient pas de donn\u00e9es personnelles et sera supprim\u00e9 automatiquement \u00e0 la fermeture de votre navigateur.<\/p><p>Lorsque vous vous connecterez, nous mettrons en place un certain nombre de cookies pour enregistrer vos informations de connexion et vos pr\u00e9f\u00e9rences d&rsquo;\u00e9cran. La dur\u00e9e de vie d&rsquo;un cookie de connexion est de deux jours, celle d&rsquo;un cookie d&rsquo;option d&rsquo;\u00e9cran est d&rsquo;un an. Si vous cochez \u00ab Se souvenir de moi \u00bb, votre cookie de connexion sera conserv\u00e9 pendant deux semaines. Si vous vous d\u00e9connectez de votre compte, le cookie de connexion sera effac\u00e9.<\/p><p>En modifiant ou en publiant une publication, un cookie suppl\u00e9mentaire sera enregistr\u00e9 dans votre navigateur. Ce cookie ne comprend aucune donn\u00e9e personnelle. Il indique simplement l&rsquo;ID de la publication que vous venez de modifier. Il expire au bout d&rsquo;un jour.<\/p><p>Contenu embarqu\u00e9 depuis d&rsquo;autres sites<\/p><p>Les articles de ce site peuvent inclure des contenus int\u00e9gr\u00e9s (par exemple des vid\u00e9os, images, articles&#8230;). Le contenu int\u00e9gr\u00e9 depuis d&rsquo;autres sites se comporte de la m\u00eame mani\u00e8re que si le visiteur se rendait sur cet autre site.<\/p><p>Ces sites web pourraient collecter des donn\u00e9es sur vous, utiliser des cookies, embarquer des outils de suivis tiers, suivre vos interactions avec ces contenus embarqu\u00e9s si vous disposez d&rsquo;un compte connect\u00e9 sur leur site web.<\/p><p>Statistiques et mesures d&rsquo;audience<br \/>Utilisation et transmission de vos donn\u00e9es personnelles<br \/>Dur\u00e9es de stockage de vos donn\u00e9es<\/p><p>Si vous laissez un commentaire, le commentaire et ses m\u00e9tadonn\u00e9es sont conserv\u00e9s ind\u00e9finiment. Cela permet de reconna\u00eetre et d&rsquo;approuver automatiquement les commentaires suivants au lieu de les laisser dans la file de mod\u00e9ration.<\/p><p>Pour les utilisateurs et utilisatrices qui s&rsquo;enregistrent sur notre site (si cela est possible), nous stockons \u00e9galement les donn\u00e9es personnelles indiqu\u00e9es dans leur profil. Tous les utilisateurs et utilisatrices peuvent voir, modifier ou supprimer leurs informations personnelles \u00e0 tout moment (\u00e0 l&rsquo;exception de leur nom d&rsquo;utilisateur). Les gestionnaires du site peuvent aussi voir et modifier ces informations.<\/p><p>Les droits que vous avez sur vos donn\u00e9es<\/p><p>Si vous avez un compte ou si vous avez laiss\u00e9 des commentaires sur le site, vous pouvez demander \u00e0 recevoir un fichier contenant toutes les donn\u00e9es personnelles que nous poss\u00e9dons \u00e0 votre sujet, incluant celles que vous nous avez fournies. Vous pouvez \u00e9galement demander la suppression des donn\u00e9es personnelles vous concernant. Cela ne prend pas en compte les donn\u00e9es stock\u00e9es \u00e0 des fins administratives, l\u00e9gales ou pour des raisons de s\u00e9curit\u00e9.<\/p><p>Transmission de vos donn\u00e9es personnelles<\/p><p>Les commentaires des visiteurs peuvent \u00eatre v\u00e9rifi\u00e9s \u00e0 l&rsquo;aide d&rsquo;un service automatis\u00e9 de d\u00e9tection des commentaires ind\u00e9sirables.<\/p><p>Informations de contact<br \/>Informations suppl\u00e9mentaires<br \/>Comment nous prot\u00e9geons vos donn\u00e9es.<br \/>Proc\u00e9dures mises en \u0153uvre en cas de fuite de donn\u00e9es.<br \/>Les services tiers qui nous transmettent des donn\u00e9es.<br \/>Op\u00e9rations de marketing automatis\u00e9 et\/ou de profilage r\u00e9alis\u00e9es \u00e0 l&rsquo;aide des donn\u00e9es personnelles.<br \/>Affichage des informations li\u00e9es aux secteurs soumis \u00e0 des r\u00e9gulations sp\u00e9cifiques.<\/p>\t\t\t\t\t\t\t\t<\/div>\n\t\t\t\t<\/div>\n\t\t\t\t\t<\/div>\n\t\t\t\t<\/div>\n\t\t\t\t<\/div>\n\t\t","protected":false},"excerpt":{"rendered":"<p>Mentions l\u00e9gales \u2014 WFM LOUNGE RADIO \u00c9diteur du site Nom de l\u2019\u00e9diteur : WFM LOUNGE RADIODirecteur de la publication : Fabien GEOFFREE-mail de contact : contactwfmloungeradio.com Adresse du site : https:\/\/wfmloungeradio.com H\u00e9bergeur du site Nom de l\u2019h\u00e9bergeur : OVH\u00a0Adresse de l\u2019h\u00e9bergeur : RCS Lille M\u00e9tropole 424 761 419 00045 Si\u00e8ge ...<\/p>\n","protected":false},"author":1,"featured_media":7531,"parent":0,"menu_order":0,"comment_status":"closed","ping_status":"closed","template":"","meta":{"footnotes":""},"class_list":["post-6749","page","type-page","status-publish","has-post-thumbnail","hentry"],"yoast_head":"<!-- This site is optimized with the Yoast SEO plugin v25.9 - https:\/\/yoast.com\/wordpress\/plugins\/seo\/ -->\n<title>Mentions L\u00e9gales - WFM LOUNGE RADIO<\/title>\n<meta name=\"robots\" content=\"index, follow, max-snippet:-1, max-image-preview:large, max-video-preview:-1\" \/>\n<link rel=\"canonical\" href=\"https:\/\/wfmloungeradio.com\/index.php\/mentions-legales-politique-de-confidentialite\/\" \/>\n<meta property=\"og:locale\" content=\"fr_FR\" \/>\n<meta property=\"og:type\" content=\"article\" \/>\n<meta property=\"og:title\" content=\"Mentions L\u00e9gales - WFM LOUNGE RADIO\" \/>\n<meta property=\"og:description\" content=\"Mentions l\u00e9gales \u2014 WFM LOUNGE RADIO \u00c9diteur du site Nom de l\u2019\u00e9diteur : WFM LOUNGE RADIODirecteur de la publication : Fabien GEOFFREE-mail de contact : contactwfmloungeradio.com Adresse du site : https:\/\/wfmloungeradio.com H\u00e9bergeur du site Nom de l\u2019h\u00e9bergeur : OVH\u00a0Adresse de l\u2019h\u00e9bergeur : RCS Lille M\u00e9tropole 424 761 419 00045 Si\u00e8ge [...]\" \/>\n<meta property=\"og:url\" content=\"https:\/\/wfmloungeradio.com\/index.php\/mentions-legales-politique-de-confidentialite\/\" \/>\n<meta property=\"og:site_name\" content=\"WFM LOUNGE RADIO\" \/>\n<meta property=\"article:modified_time\" content=\"2025-08-21T05:23:27+00:00\" \/>\n<meta property=\"og:image\" content=\"https:\/\/wfmloungeradio.com\/wp-content\/uploads\/2025\/06\/bfmtv-4.jpg\" \/>\n\t<meta property=\"og:image:width\" content=\"1200\" \/>\n\t<meta property=\"og:image:height\" content=\"640\" \/>\n\t<meta property=\"og:image:type\" content=\"image\/jpeg\" \/>\n<meta name=\"twitter:card\" content=\"summary_large_image\" \/>\n<meta name=\"twitter:label1\" content=\"Dur\u00e9e de lecture estim\u00e9e\" \/>\n\t<meta name=\"twitter:data1\" content=\"6 minutes\" \/>\n<script type=\"application\/ld+json\" class=\"yoast-schema-graph\">{\"@context\":\"https:\/\/schema.org\",\"@graph\":[{\"@type\":\"WebPage\",\"@id\":\"https:\/\/wfmloungeradio.com\/index.php\/mentions-legales-politique-de-confidentialite\/\",\"url\":\"https:\/\/wfmloungeradio.com\/index.php\/mentions-legales-politique-de-confidentialite\/\",\"name\":\"Mentions L\u00e9gales - WFM LOUNGE RADIO\",\"isPartOf\":{\"@id\":\"https:\/\/wfmloungeradio.com\/#website\"},\"primaryImageOfPage\":{\"@id\":\"https:\/\/wfmloungeradio.com\/index.php\/mentions-legales-politique-de-confidentialite\/#primaryimage\"},\"image\":{\"@id\":\"https:\/\/wfmloungeradio.com\/index.php\/mentions-legales-politique-de-confidentialite\/#primaryimage\"},\"thumbnailUrl\":\"https:\/\/wfmloungeradio.com\/wp-content\/uploads\/2025\/06\/bfmtv-4.jpg\",\"datePublished\":\"2024-12-16T11:08:15+00:00\",\"dateModified\":\"2025-08-21T05:23:27+00:00\",\"breadcrumb\":{\"@id\":\"https:\/\/wfmloungeradio.com\/index.php\/mentions-legales-politique-de-confidentialite\/#breadcrumb\"},\"inLanguage\":\"fr-FR\",\"potentialAction\":[{\"@type\":\"ReadAction\",\"target\":[\"https:\/\/wfmloungeradio.com\/index.php\/mentions-legales-politique-de-confidentialite\/\"]}]},{\"@type\":\"ImageObject\",\"inLanguage\":\"fr-FR\",\"@id\":\"https:\/\/wfmloungeradio.com\/index.php\/mentions-legales-politique-de-confidentialite\/#primaryimage\",\"url\":\"https:\/\/wfmloungeradio.com\/wp-content\/uploads\/2025\/06\/bfmtv-4.jpg\",\"contentUrl\":\"https:\/\/wfmloungeradio.com\/wp-content\/uploads\/2025\/06\/bfmtv-4.jpg\",\"width\":1200,\"height\":640},{\"@type\":\"BreadcrumbList\",\"@id\":\"https:\/\/wfmloungeradio.com\/index.php\/mentions-legales-politique-de-confidentialite\/#breadcrumb\",\"itemListElement\":[{\"@type\":\"ListItem\",\"position\":1,\"name\":\"Accueil\",\"item\":\"https:\/\/wfmloungeradio.com\/\"},{\"@type\":\"ListItem\",\"position\":2,\"name\":\"Mentions L\u00e9gales\"}]},{\"@type\":\"WebSite\",\"@id\":\"https:\/\/wfmloungeradio.com\/#website\",\"url\":\"https:\/\/wfmloungeradio.com\/\",\"name\":\"WFM LOUNGE RADIO\",\"description\":\"Le Son Chic !\",\"publisher\":{\"@id\":\"https:\/\/wfmloungeradio.com\/#organization\"},\"potentialAction\":[{\"@type\":\"SearchAction\",\"target\":{\"@type\":\"EntryPoint\",\"urlTemplate\":\"https:\/\/wfmloungeradio.com\/?s={search_term_string}\"},\"query-input\":{\"@type\":\"PropertyValueSpecification\",\"valueRequired\":true,\"valueName\":\"search_term_string\"}}],\"inLanguage\":\"fr-FR\"},{\"@type\":\"Organization\",\"@id\":\"https:\/\/wfmloungeradio.com\/#organization\",\"name\":\"WFM LOUNGE RADIO\",\"url\":\"https:\/\/wfmloungeradio.com\/\",\"logo\":{\"@type\":\"ImageObject\",\"inLanguage\":\"fr-FR\",\"@id\":\"https:\/\/wfmloungeradio.com\/#\/schema\/logo\/image\/\",\"url\":\"https:\/\/wfmloungeradio.com\/wp-content\/uploads\/2020\/06\/WFM-LOUNGE-350-x-350-PNG.png\",\"contentUrl\":\"https:\/\/wfmloungeradio.com\/wp-content\/uploads\/2020\/06\/WFM-LOUNGE-350-x-350-PNG.png\",\"width\":350,\"height\":350,\"caption\":\"WFM LOUNGE RADIO\"},\"image\":{\"@id\":\"https:\/\/wfmloungeradio.com\/#\/schema\/logo\/image\/\"}}]}<\/script>\n<!-- \/ Yoast SEO plugin. -->","yoast_head_json":{"title":"Mentions L\u00e9gales - WFM LOUNGE RADIO","robots":{"index":"index","follow":"follow","max-snippet":"max-snippet:-1","max-image-preview":"max-image-preview:large","max-video-preview":"max-video-preview:-1"},"canonical":"https:\/\/wfmloungeradio.com\/index.php\/mentions-legales-politique-de-confidentialite\/","og_locale":"fr_FR","og_type":"article","og_title":"Mentions L\u00e9gales - WFM LOUNGE RADIO","og_description":"Mentions l\u00e9gales \u2014 WFM LOUNGE RADIO \u00c9diteur du site Nom de l\u2019\u00e9diteur : WFM LOUNGE RADIODirecteur de la publication : Fabien GEOFFREE-mail de contact : contactwfmloungeradio.com Adresse du site : https:\/\/wfmloungeradio.com H\u00e9bergeur du site Nom de l\u2019h\u00e9bergeur : OVH\u00a0Adresse de l\u2019h\u00e9bergeur : RCS Lille M\u00e9tropole 424 761 419 00045 Si\u00e8ge [...]","og_url":"https:\/\/wfmloungeradio.com\/index.php\/mentions-legales-politique-de-confidentialite\/","og_site_name":"WFM LOUNGE RADIO","article_modified_time":"2025-08-21T05:23:27+00:00","og_image":[{"width":1200,"height":640,"url":"https:\/\/wfmloungeradio.com\/wp-content\/uploads\/2025\/06\/bfmtv-4.jpg","type":"image\/jpeg"}],"twitter_card":"summary_large_image","twitter_misc":{"Dur\u00e9e de lecture estim\u00e9e":"6 minutes"},"schema":{"@context":"https:\/\/schema.org","@graph":[{"@type":"WebPage","@id":"https:\/\/wfmloungeradio.com\/index.php\/mentions-legales-politique-de-confidentialite\/","url":"https:\/\/wfmloungeradio.com\/index.php\/mentions-legales-politique-de-confidentialite\/","name":"Mentions L\u00e9gales - WFM LOUNGE RADIO","isPartOf":{"@id":"https:\/\/wfmloungeradio.com\/#website"},"primaryImageOfPage":{"@id":"https:\/\/wfmloungeradio.com\/index.php\/mentions-legales-politique-de-confidentialite\/#primaryimage"},"image":{"@id":"https:\/\/wfmloungeradio.com\/index.php\/mentions-legales-politique-de-confidentialite\/#primaryimage"},"thumbnailUrl":"https:\/\/wfmloungeradio.com\/wp-content\/uploads\/2025\/06\/bfmtv-4.jpg","datePublished":"2024-12-16T11:08:15+00:00","dateModified":"2025-08-21T05:23:27+00:00","breadcrumb":{"@id":"https:\/\/wfmloungeradio.com\/index.php\/mentions-legales-politique-de-confidentialite\/#breadcrumb"},"inLanguage":"fr-FR","potentialAction":[{"@type":"ReadAction","target":["https:\/\/wfmloungeradio.com\/index.php\/mentions-legales-politique-de-confidentialite\/"]}]},{"@type":"ImageObject","inLanguage":"fr-FR","@id":"https:\/\/wfmloungeradio.com\/index.php\/mentions-legales-politique-de-confidentialite\/#primaryimage","url":"https:\/\/wfmloungeradio.com\/wp-content\/uploads\/2025\/06\/bfmtv-4.jpg","contentUrl":"https:\/\/wfmloungeradio.com\/wp-content\/uploads\/2025\/06\/bfmtv-4.jpg","width":1200,"height":640},{"@type":"BreadcrumbList","@id":"https:\/\/wfmloungeradio.com\/index.php\/mentions-legales-politique-de-confidentialite\/#breadcrumb","itemListElement":[{"@type":"ListItem","position":1,"name":"Accueil","item":"https:\/\/wfmloungeradio.com\/"},{"@type":"ListItem","position":2,"name":"Mentions L\u00e9gales"}]},{"@type":"WebSite","@id":"https:\/\/wfmloungeradio.com\/#website","url":"https:\/\/wfmloungeradio.com\/","name":"WFM LOUNGE RADIO","description":"Le Son Chic !","publisher":{"@id":"https:\/\/wfmloungeradio.com\/#organization"},"potentialAction":[{"@type":"SearchAction","target":{"@type":"EntryPoint","urlTemplate":"https:\/\/wfmloungeradio.com\/?s={search_term_string}"},"query-input":{"@type":"PropertyValueSpecification","valueRequired":true,"valueName":"search_term_string"}}],"inLanguage":"fr-FR"},{"@type":"Organization","@id":"https:\/\/wfmloungeradio.com\/#organization","name":"WFM LOUNGE RADIO","url":"https:\/\/wfmloungeradio.com\/","logo":{"@type":"ImageObject","inLanguage":"fr-FR","@id":"https:\/\/wfmloungeradio.com\/#\/schema\/logo\/image\/","url":"https:\/\/wfmloungeradio.com\/wp-content\/uploads\/2020\/06\/WFM-LOUNGE-350-x-350-PNG.png","contentUrl":"https:\/\/wfmloungeradio.com\/wp-content\/uploads\/2020\/06\/WFM-LOUNGE-350-x-350-PNG.png","width":350,"height":350,"caption":"WFM LOUNGE RADIO"},"image":{"@id":"https:\/\/wfmloungeradio.com\/#\/schema\/logo\/image\/"}}]}},"_links":{"self":[{"href":"https:\/\/wfmloungeradio.com\/index.php\/wp-json\/wp\/v2\/pages\/6749","targetHints":{"allow":["GET"]}}],"collection":[{"href":"https:\/\/wfmloungeradio.com\/index.php\/wp-json\/wp\/v2\/pages"}],"about":[{"href":"https:\/\/wfmloungeradio.com\/index.php\/wp-json\/wp\/v2\/types\/page"}],"author":[{"embeddable":true,"href":"https:\/\/wfmloungeradio.com\/index.php\/wp-json\/wp\/v2\/users\/1"}],"replies":[{"embeddable":true,"href":"https:\/\/wfmloungeradio.com\/index.php\/wp-json\/wp\/v2\/comments?post=6749"}],"version-history":[{"count":54,"href":"https:\/\/wfmloungeradio.com\/index.php\/wp-json\/wp\/v2\/pages\/6749\/revisions"}],"predecessor-version":[{"id":8446,"href":"https:\/\/wfmloungeradio.com\/index.php\/wp-json\/wp\/v2\/pages\/6749\/revisions\/8446"}],"wp:featuredmedia":[{"embeddable":true,"href":"https:\/\/wfmloungeradio.com\/index.php\/wp-json\/wp\/v2\/media\/7531"}],"wp:attachment":[{"href":"https:\/\/wfmloungeradio.com\/index.php\/wp-json\/wp\/v2\/media?parent=6749"}],"curies":[{"name":"wp","href":"https:\/\/api.w.org\/{rel}","templated":true}]}}