{"id":6707,"date":"2024-12-12T17:47:45","date_gmt":"2024-12-12T16:47:45","guid":{"rendered":"https:\/\/wfmloungeradio.com\/?page_id=6707"},"modified":"2025-06-04T09:18:34","modified_gmt":"2025-06-04T07:18:34","slug":"lactualite-avec-20-minutes","status":"publish","type":"page","link":"https:\/\/wfmloungeradio.com\/index.php\/lactualite-avec-20-minutes\/","title":{"rendered":"L&rsquo;Actualit\u00e9"},"content":{"rendered":"\t\t<div data-elementor-type=\"wp-page\" data-elementor-id=\"6707\" class=\"elementor elementor-6707\">\n\t\t\t\t<div class=\"elementor-element elementor-element-67de7811 e-flex e-con-boxed e-con e-parent\" data-id=\"67de7811\" data-element_type=\"container\">\n\t\t\t\t\t<div class=\"e-con-inner\">\n\t\t\t\t<div class=\"elementor-element elementor-element-35e7266a elementor-widget elementor-widget-text-editor\" data-id=\"35e7266a\" data-element_type=\"widget\" data-widget_type=\"text-editor.default\">\n\t\t\t\t<div class=\"elementor-widget-container\">\n\t\t\t\t\t\t\t\t\t<p><code><div class=\"feedzy-3bfe0cbd69f75552f15ce9072793c0b8 feedzy-rss\"><div class=\"rss_header\"><h2><a href=\"https:\/\/www.bfmtv.com\/news-24-7\/\" class=\"rss_title\" rel=\"noopener\">Home Fil actu - actualit\u00e9s<\/a> <span class=\"rss_description\"> Retrouvez sur BFM toute l'actualit\u00e9 en continu et en direct: Politique, police-justice, international, soci\u00e9t\u00e9, \u00e9conomie, tech, auto, sant\u00e9, sport\u2026<\/span><\/h2><\/div><ul><li  style=\"padding: 15px 0 25px\" class=\"rss_item\"><div class=\"rss_image\" style=\"height:150px;width:150px;\"><a href=\"https:\/\/www.bfmtv.com\/economie\/international\/hong-kong-enregistre-sa-plus-forte-croissance-trimestrielle-depuis-2021-l-economie-de-la-place-financiere-chinoise-a-progresse-de-pres-de-6-au-cours-des-trois-premiers-mois-de-2026_AD-202605050513.html\" target=\"_blank\" rel=\" noopener\" title=\"Hong Kong enregistre sa plus forte croissance trimestrielle depuis 2021: l'\u00e9conomie de la place financi\u00e8re chinoise a progress\u00e9 de pr\u00e8s de 6% au cours des trois premiers mois de 2026\" style=\"height:150px;width:150px;\"><img decoding=\"async\" src=\"https:\/\/images.bfmtv.com\/Q7q47yC7u-78RUVNE8XBhFpKM9M=\/7x110:2039x1253\/800x0\/images\/Les-drapeaux-de-Hong-Kong-et-de-Chine-devant-les-bureaux-du-gouvernement-central-a-Hong-Kong-le-29-novembre-2025-2281093.jpg\" title=\"Hong Kong enregistre sa plus forte croissance trimestrielle depuis 2021: l&#039;\u00e9conomie de la place financi\u00e8re chinoise a progress\u00e9 de pr\u00e8s de 6% au cours des trois premiers mois de 2026\" style=\"height:150px;width:150px;\"><\/a><\/div><span class=\"title\"><a href=\"https:\/\/www.bfmtv.com\/economie\/international\/hong-kong-enregistre-sa-plus-forte-croissance-trimestrielle-depuis-2021-l-economie-de-la-place-financiere-chinoise-a-progresse-de-pres-de-6-au-cours-des-trois-premiers-mois-de-2026_AD-202605050513.html\" target=\"_blank\" rel=\" noopener\">Hong Kong enregistre sa plus forte croissance trimestrielle depuis 2021: l'\u00e9conomie de la place financi\u00e8re chinoise a progress\u00e9 de pr\u00e8s de 6% au cours des trois premiers mois de 2026<\/a><\/span><div class=\"rss_content\" style=\"\"><small>on 5 mai 2026 at 11h39 <\/small><p>Les perspectives de croissance de la place financi\u00e8re chinoise \"restent positives\", se f\u00e9licite le gouvernement local, soulignant la \"forte demande mondiale en produits \u00e9lectroniques li\u00e9s \u00e0 l'intelligence artificielle\".<\/p><\/div><\/li><li  style=\"padding: 15px 0 25px\" class=\"rss_item\"><div class=\"rss_image\" style=\"height:150px;width:150px;\"><a href=\"https:\/\/www.bfmtv.com\/societe\/video-chez-les-alcooliques-anonymes-cette-mere-evoque-les-consequences-de-l-alcool-sur-sa-fille_VN-202605050514.html\" target=\"_blank\" rel=\" noopener\" title=\"Chez les Alcooliques anonymes, cette m\u00e8re \u00e9voque les cons\u00e9quences de l'alcool sur sa fille\" style=\"height:150px;width:150px;\"><img decoding=\"async\" src=\"https:\/\/images.bfmtv.com\/PSj0xlruxE3CYrU3L0Xc3yskPB8=\/0x0:1280x720\/800x0\/images\/Chez-les-Alcooliques-anonymes-cette-mere-evoque-les-consequences-de-l-alcool-sur-sa-fille-2281100.jpg\" title=\"Chez les Alcooliques anonymes, cette m\u00e8re \u00e9voque les cons\u00e9quences de l&#039;alcool sur sa fille\" style=\"height:150px;width:150px;\"><\/a><\/div><span class=\"title\"><a href=\"https:\/\/www.bfmtv.com\/societe\/video-chez-les-alcooliques-anonymes-cette-mere-evoque-les-consequences-de-l-alcool-sur-sa-fille_VN-202605050514.html\" target=\"_blank\" rel=\" noopener\">Chez les Alcooliques anonymes, cette m\u00e8re \u00e9voque les cons\u00e9quences de l'alcool sur sa fille<\/a><\/span><div class=\"rss_content\" style=\"\"><small>on 5 mai 2026 at 11h39 <\/small><p>Un long format \u00e0 d\u00e9couvrir en int\u00e9gralit\u00e9 sur la cha\u00eene Youtube de BFM.<\/p><\/div><\/li><li  style=\"padding: 15px 0 25px\" class=\"rss_item\"><div class=\"rss_image\" style=\"height:150px;width:150px;\"><a href=\"https:\/\/www.bfmtv.com\/international\/moyen-orient\/iran\/video-guerre-au-moyen-orient-journee-sous-tension-apres-des-frappes-iraniennes-aux-emirats-arabes-unis_VN-202605050512.html\" target=\"_blank\" rel=\" noopener\" title=\"Guerre au Moyen-Orient: journ\u00e9e sous tension apr\u00e8s des frappes iraniennes aux \u00c9mirats arabes unis\" style=\"height:150px;width:150px;\"><img decoding=\"async\" src=\"https:\/\/images.bfmtv.com\/67jepdgLXj4bcUx5yxhmfF0FmNY=\/0x0:1280x720\/800x0\/images\/Guerre-au-Moyen-Orient-journee-sous-tension-apres-des-frappes-iraniennes-aux-Emirats-arabes-unis-2281099.jpg\" title=\"Guerre au Moyen-Orient: journ\u00e9e sous tension apr\u00e8s des frappes iraniennes aux \u00c9mirats arabes unis\" style=\"height:150px;width:150px;\"><\/a><\/div><span class=\"title\"><a href=\"https:\/\/www.bfmtv.com\/international\/moyen-orient\/iran\/video-guerre-au-moyen-orient-journee-sous-tension-apres-des-frappes-iraniennes-aux-emirats-arabes-unis_VN-202605050512.html\" target=\"_blank\" rel=\" noopener\">Guerre au Moyen-Orient: journ\u00e9e sous tension apr\u00e8s des frappes iraniennes aux \u00c9mirats arabes unis<\/a><\/span><div class=\"rss_content\" style=\"\"><small>on 5 mai 2026 at 11h36 <\/small><p>Retour des tensions au Moyen-Orient ce mardi 5 mai, au lendemain de nouvelles attaques contre les \u00c9mirats arabes unis attribu\u00e9es \u00e0 l'Iran. T\u00e9h\u00e9ran a ni\u00e9 avoir eu l'intention de cibler le pays, tandis que l'Occident et le reste de la r\u00e9gion appellent \u00e0 la d\u00e9sescalade.<\/p><\/div><\/li><li  style=\"padding: 15px 0 25px\" class=\"rss_item\"><div class=\"rss_image\" style=\"height:150px;width:150px;\"><a href=\"https:\/\/www.bfmtv.com\/police-justice\/info-bfmtv-un-medecin-generaliste-place-en-garde-a-vue-pour-viols-et-agressions-sexuelles_AN-202605050508.html\" target=\"_blank\" rel=\" noopener\" title=\"INFO BFMTV. Un m\u00e9decin g\u00e9n\u00e9raliste plac\u00e9 en garde \u00e0 vue pour viols et agressions sexuelles\" style=\"height:150px;width:150px;\"><img decoding=\"async\" src=\"https:\/\/images.bfmtv.com\/vNtKij2FaOhzOoHvQj8AHesvSoA=\/0x106:2048x1258\/800x0\/images\/Un-officier-de-police-photo-d-illustration-2088070.jpg\" title=\"INFO BFMTV. Un m\u00e9decin g\u00e9n\u00e9raliste plac\u00e9 en garde \u00e0 vue pour viols et agressions sexuelles\" style=\"height:150px;width:150px;\"><\/a><\/div><span class=\"title\"><a href=\"https:\/\/www.bfmtv.com\/police-justice\/info-bfmtv-un-medecin-generaliste-place-en-garde-a-vue-pour-viols-et-agressions-sexuelles_AN-202605050508.html\" target=\"_blank\" rel=\" noopener\">INFO BFMTV. Un m\u00e9decin g\u00e9n\u00e9raliste plac\u00e9 en garde \u00e0 vue pour viols et agressions sexuelles<\/a><\/span><div class=\"rss_content\" style=\"\"><small>on 5 mai 2026 at 11h31 <\/small><p>Un m\u00e9decin g\u00e9n\u00e9raliste a \u00e9t\u00e9 plac\u00e9 en garde \u00e0 vue lundi 4 mai, a appris BFMTV aupr\u00e8s du parquet de Versailles. Il est accus\u00e9 par au moins cinq de ses patientes de viols et d'agressions sexuelles.<\/p><\/div><\/li><li  style=\"padding: 15px 0 25px\" class=\"rss_item\"><div class=\"rss_image\" style=\"height:150px;width:150px;\"><a href=\"https:\/\/www.bfmtv.com\/economie\/entreprises\/il-avait-mis-au-point-un-vaccin-contre-le-covid-avec-pfizer-le-laboratoire-bio-n-tech-ferme-quatre-sites-en-allemagne-et-a-singapour-plus-de-1-800-emplois-menaces_AD-202605050505.html\" target=\"_blank\" rel=\" noopener\" title=\"Il avait mis au point un vaccin contre le Covid avec Pfizer: le laboratoire BioNTech ferme quatre sites en Allemagne et \u00e0 Singapour, plus de 1.800 emplois menac\u00e9s\" style=\"height:150px;width:150px;\"><img decoding=\"async\" src=\"https:\/\/images.bfmtv.com\/7H0R0otaBibxmkoLKWBA8EK88SU=\/0x127:2048x1279\/800x0\/images\/Des-drapeaux-flottent-devant-le-batiment-abritant-les-bureaux-et-les-laboratoires-de-l-entreprise-pharmaceutique-BioNTech-le-12-juin-2025-2281090.jpg\" title=\"Il avait mis au point un vaccin contre le Covid avec Pfizer: le laboratoire BioNTech ferme quatre sites en Allemagne et \u00e0 Singapour, plus de 1.800 emplois menac\u00e9s\" style=\"height:150px;width:150px;\"><\/a><\/div><span class=\"title\"><a href=\"https:\/\/www.bfmtv.com\/economie\/entreprises\/il-avait-mis-au-point-un-vaccin-contre-le-covid-avec-pfizer-le-laboratoire-bio-n-tech-ferme-quatre-sites-en-allemagne-et-a-singapour-plus-de-1-800-emplois-menaces_AD-202605050505.html\" target=\"_blank\" rel=\" noopener\">Il avait mis au point un vaccin contre le Covid avec Pfizer: le laboratoire BioNTech ferme quatre sites en Allemagne et \u00e0 Singapour, plus de 1.800 emplois menac\u00e9s<\/a><\/span><div class=\"rss_content\" style=\"\"><small>on 5 mai 2026 at 11h27 <\/small><p>Le laboratoire allemand BioNTech justifie ce mardi cette annonce par la volont\u00e9 du groupe de se recentrer son activit\u00e9 d'oncologie \"en pleine expansion\".<\/p><\/div><\/li><\/ul> <\/div><style type=\"text\/css\" media=\"all\">.feedzy-rss .rss_item .rss_image{float:left;position:relative;border:none;text-decoration:none;max-width:100%}.feedzy-rss .rss_item .rss_image span{display:inline-block;position:absolute;width:100%;height:100%;background-position:50%;background-size:cover}.feedzy-rss .rss_item .rss_image{margin:.3em 1em 0 0;content-visibility:auto}.feedzy-rss ul{list-style:none}.feedzy-rss ul li{display:inline-block}<\/style><\/code><\/p>\t\t\t\t\t\t\t\t<\/div>\n\t\t\t\t<\/div>\n\t\t\t\t\t<\/div>\n\t\t\t\t<\/div>\n\t\t\t\t<\/div>\n\t\t","protected":false},"excerpt":{"rendered":"","protected":false},"author":1,"featured_media":7411,"parent":0,"menu_order":0,"comment_status":"closed","ping_status":"closed","template":"","meta":{"footnotes":""},"class_list":["post-6707","page","type-page","status-publish","has-post-thumbnail","hentry"],"yoast_head":"<!-- This site is optimized with the Yoast SEO plugin v25.9 - https:\/\/yoast.com\/wordpress\/plugins\/seo\/ -->\n<title>L&#039;Actualit\u00e9 - WFM LOUNGE RADIO<\/title>\n<meta name=\"robots\" content=\"index, follow, max-snippet:-1, max-image-preview:large, max-video-preview:-1\" \/>\n<link rel=\"canonical\" href=\"https:\/\/wfmloungeradio.com\/index.php\/lactualite-avec-20-minutes\/\" \/>\n<meta property=\"og:locale\" content=\"fr_FR\" \/>\n<meta property=\"og:type\" content=\"article\" \/>\n<meta property=\"og:title\" content=\"L&#039;Actualit\u00e9 - WFM LOUNGE RADIO\" \/>\n<meta property=\"og:url\" content=\"https:\/\/wfmloungeradio.com\/index.php\/lactualite-avec-20-minutes\/\" \/>\n<meta property=\"og:site_name\" content=\"WFM LOUNGE RADIO\" \/>\n<meta property=\"article:modified_time\" content=\"2025-06-04T07:18:34+00:00\" \/>\n<meta property=\"og:image\" content=\"https:\/\/wfmloungeradio.com\/wp-content\/uploads\/2025\/05\/610600.webp\" \/>\n\t<meta property=\"og:image:width\" content=\"1024\" \/>\n\t<meta property=\"og:image:height\" content=\"576\" \/>\n\t<meta property=\"og:image:type\" content=\"image\/webp\" \/>\n<meta name=\"twitter:card\" content=\"summary_large_image\" \/>\n<script type=\"application\/ld+json\" class=\"yoast-schema-graph\">{\"@context\":\"https:\/\/schema.org\",\"@graph\":[{\"@type\":\"WebPage\",\"@id\":\"https:\/\/wfmloungeradio.com\/index.php\/lactualite-avec-20-minutes\/\",\"url\":\"https:\/\/wfmloungeradio.com\/index.php\/lactualite-avec-20-minutes\/\",\"name\":\"L'Actualit\u00e9 - WFM LOUNGE RADIO\",\"isPartOf\":{\"@id\":\"https:\/\/wfmloungeradio.com\/#website\"},\"primaryImageOfPage\":{\"@id\":\"https:\/\/wfmloungeradio.com\/index.php\/lactualite-avec-20-minutes\/#primaryimage\"},\"image\":{\"@id\":\"https:\/\/wfmloungeradio.com\/index.php\/lactualite-avec-20-minutes\/#primaryimage\"},\"thumbnailUrl\":\"https:\/\/wfmloungeradio.com\/wp-content\/uploads\/2025\/05\/610600.webp\",\"datePublished\":\"2024-12-12T16:47:45+00:00\",\"dateModified\":\"2025-06-04T07:18:34+00:00\",\"breadcrumb\":{\"@id\":\"https:\/\/wfmloungeradio.com\/index.php\/lactualite-avec-20-minutes\/#breadcrumb\"},\"inLanguage\":\"fr-FR\",\"potentialAction\":[{\"@type\":\"ReadAction\",\"target\":[\"https:\/\/wfmloungeradio.com\/index.php\/lactualite-avec-20-minutes\/\"]}]},{\"@type\":\"ImageObject\",\"inLanguage\":\"fr-FR\",\"@id\":\"https:\/\/wfmloungeradio.com\/index.php\/lactualite-avec-20-minutes\/#primaryimage\",\"url\":\"https:\/\/wfmloungeradio.com\/wp-content\/uploads\/2025\/05\/610600.webp\",\"contentUrl\":\"https:\/\/wfmloungeradio.com\/wp-content\/uploads\/2025\/05\/610600.webp\",\"width\":1024,\"height\":576},{\"@type\":\"BreadcrumbList\",\"@id\":\"https:\/\/wfmloungeradio.com\/index.php\/lactualite-avec-20-minutes\/#breadcrumb\",\"itemListElement\":[{\"@type\":\"ListItem\",\"position\":1,\"name\":\"Accueil\",\"item\":\"https:\/\/wfmloungeradio.com\/\"},{\"@type\":\"ListItem\",\"position\":2,\"name\":\"L&rsquo;Actualit\u00e9\"}]},{\"@type\":\"WebSite\",\"@id\":\"https:\/\/wfmloungeradio.com\/#website\",\"url\":\"https:\/\/wfmloungeradio.com\/\",\"name\":\"WFM LOUNGE RADIO\",\"description\":\"Le Son Chic !\",\"publisher\":{\"@id\":\"https:\/\/wfmloungeradio.com\/#organization\"},\"potentialAction\":[{\"@type\":\"SearchAction\",\"target\":{\"@type\":\"EntryPoint\",\"urlTemplate\":\"https:\/\/wfmloungeradio.com\/?s={search_term_string}\"},\"query-input\":{\"@type\":\"PropertyValueSpecification\",\"valueRequired\":true,\"valueName\":\"search_term_string\"}}],\"inLanguage\":\"fr-FR\"},{\"@type\":\"Organization\",\"@id\":\"https:\/\/wfmloungeradio.com\/#organization\",\"name\":\"WFM LOUNGE RADIO\",\"url\":\"https:\/\/wfmloungeradio.com\/\",\"logo\":{\"@type\":\"ImageObject\",\"inLanguage\":\"fr-FR\",\"@id\":\"https:\/\/wfmloungeradio.com\/#\/schema\/logo\/image\/\",\"url\":\"https:\/\/wfmloungeradio.com\/wp-content\/uploads\/2020\/06\/WFM-LOUNGE-350-x-350-PNG.png\",\"contentUrl\":\"https:\/\/wfmloungeradio.com\/wp-content\/uploads\/2020\/06\/WFM-LOUNGE-350-x-350-PNG.png\",\"width\":350,\"height\":350,\"caption\":\"WFM LOUNGE RADIO\"},\"image\":{\"@id\":\"https:\/\/wfmloungeradio.com\/#\/schema\/logo\/image\/\"}}]}<\/script>\n<!-- \/ Yoast SEO plugin. -->","yoast_head_json":{"title":"L'Actualit\u00e9 - WFM LOUNGE RADIO","robots":{"index":"index","follow":"follow","max-snippet":"max-snippet:-1","max-image-preview":"max-image-preview:large","max-video-preview":"max-video-preview:-1"},"canonical":"https:\/\/wfmloungeradio.com\/index.php\/lactualite-avec-20-minutes\/","og_locale":"fr_FR","og_type":"article","og_title":"L'Actualit\u00e9 - WFM LOUNGE RADIO","og_url":"https:\/\/wfmloungeradio.com\/index.php\/lactualite-avec-20-minutes\/","og_site_name":"WFM LOUNGE RADIO","article_modified_time":"2025-06-04T07:18:34+00:00","og_image":[{"width":1024,"height":576,"url":"https:\/\/wfmloungeradio.com\/wp-content\/uploads\/2025\/05\/610600.webp","type":"image\/webp"}],"twitter_card":"summary_large_image","schema":{"@context":"https:\/\/schema.org","@graph":[{"@type":"WebPage","@id":"https:\/\/wfmloungeradio.com\/index.php\/lactualite-avec-20-minutes\/","url":"https:\/\/wfmloungeradio.com\/index.php\/lactualite-avec-20-minutes\/","name":"L'Actualit\u00e9 - WFM LOUNGE RADIO","isPartOf":{"@id":"https:\/\/wfmloungeradio.com\/#website"},"primaryImageOfPage":{"@id":"https:\/\/wfmloungeradio.com\/index.php\/lactualite-avec-20-minutes\/#primaryimage"},"image":{"@id":"https:\/\/wfmloungeradio.com\/index.php\/lactualite-avec-20-minutes\/#primaryimage"},"thumbnailUrl":"https:\/\/wfmloungeradio.com\/wp-content\/uploads\/2025\/05\/610600.webp","datePublished":"2024-12-12T16:47:45+00:00","dateModified":"2025-06-04T07:18:34+00:00","breadcrumb":{"@id":"https:\/\/wfmloungeradio.com\/index.php\/lactualite-avec-20-minutes\/#breadcrumb"},"inLanguage":"fr-FR","potentialAction":[{"@type":"ReadAction","target":["https:\/\/wfmloungeradio.com\/index.php\/lactualite-avec-20-minutes\/"]}]},{"@type":"ImageObject","inLanguage":"fr-FR","@id":"https:\/\/wfmloungeradio.com\/index.php\/lactualite-avec-20-minutes\/#primaryimage","url":"https:\/\/wfmloungeradio.com\/wp-content\/uploads\/2025\/05\/610600.webp","contentUrl":"https:\/\/wfmloungeradio.com\/wp-content\/uploads\/2025\/05\/610600.webp","width":1024,"height":576},{"@type":"BreadcrumbList","@id":"https:\/\/wfmloungeradio.com\/index.php\/lactualite-avec-20-minutes\/#breadcrumb","itemListElement":[{"@type":"ListItem","position":1,"name":"Accueil","item":"https:\/\/wfmloungeradio.com\/"},{"@type":"ListItem","position":2,"name":"L&rsquo;Actualit\u00e9"}]},{"@type":"WebSite","@id":"https:\/\/wfmloungeradio.com\/#website","url":"https:\/\/wfmloungeradio.com\/","name":"WFM LOUNGE RADIO","description":"Le Son Chic !","publisher":{"@id":"https:\/\/wfmloungeradio.com\/#organization"},"potentialAction":[{"@type":"SearchAction","target":{"@type":"EntryPoint","urlTemplate":"https:\/\/wfmloungeradio.com\/?s={search_term_string}"},"query-input":{"@type":"PropertyValueSpecification","valueRequired":true,"valueName":"search_term_string"}}],"inLanguage":"fr-FR"},{"@type":"Organization","@id":"https:\/\/wfmloungeradio.com\/#organization","name":"WFM LOUNGE RADIO","url":"https:\/\/wfmloungeradio.com\/","logo":{"@type":"ImageObject","inLanguage":"fr-FR","@id":"https:\/\/wfmloungeradio.com\/#\/schema\/logo\/image\/","url":"https:\/\/wfmloungeradio.com\/wp-content\/uploads\/2020\/06\/WFM-LOUNGE-350-x-350-PNG.png","contentUrl":"https:\/\/wfmloungeradio.com\/wp-content\/uploads\/2020\/06\/WFM-LOUNGE-350-x-350-PNG.png","width":350,"height":350,"caption":"WFM LOUNGE RADIO"},"image":{"@id":"https:\/\/wfmloungeradio.com\/#\/schema\/logo\/image\/"}}]}},"_links":{"self":[{"href":"https:\/\/wfmloungeradio.com\/index.php\/wp-json\/wp\/v2\/pages\/6707","targetHints":{"allow":["GET"]}}],"collection":[{"href":"https:\/\/wfmloungeradio.com\/index.php\/wp-json\/wp\/v2\/pages"}],"about":[{"href":"https:\/\/wfmloungeradio.com\/index.php\/wp-json\/wp\/v2\/types\/page"}],"author":[{"embeddable":true,"href":"https:\/\/wfmloungeradio.com\/index.php\/wp-json\/wp\/v2\/users\/1"}],"replies":[{"embeddable":true,"href":"https:\/\/wfmloungeradio.com\/index.php\/wp-json\/wp\/v2\/comments?post=6707"}],"version-history":[{"count":14,"href":"https:\/\/wfmloungeradio.com\/index.php\/wp-json\/wp\/v2\/pages\/6707\/revisions"}],"predecessor-version":[{"id":7541,"href":"https:\/\/wfmloungeradio.com\/index.php\/wp-json\/wp\/v2\/pages\/6707\/revisions\/7541"}],"wp:featuredmedia":[{"embeddable":true,"href":"https:\/\/wfmloungeradio.com\/index.php\/wp-json\/wp\/v2\/media\/7411"}],"wp:attachment":[{"href":"https:\/\/wfmloungeradio.com\/index.php\/wp-json\/wp\/v2\/media?parent=6707"}],"curies":[{"name":"wp","href":"https:\/\/api.w.org\/{rel}","templated":true}]}}