{"id":6301,"date":"2024-11-30T11:26:34","date_gmt":"2024-11-30T10:26:34","guid":{"rendered":"https:\/\/wfmloungeradio.com\/?page_id=6301"},"modified":"2026-05-14T08:44:20","modified_gmt":"2026-05-14T06:44:20","slug":"media-2","status":"publish","type":"page","link":"https:\/\/wfmloungeradio.com\/index.php\/media-2\/","title":{"rendered":"MUSIC NEWS"},"content":{"rendered":"\t\t<div data-elementor-type=\"wp-page\" data-elementor-id=\"6301\" class=\"elementor elementor-6301\">\n\t\t\t\t<div class=\"elementor-element elementor-element-817a7a9 e-flex e-con-boxed e-con e-parent\" data-id=\"817a7a9\" data-element_type=\"container\">\n\t\t\t\t\t<div class=\"e-con-inner\">\n\t\t\t\t<div class=\"elementor-element elementor-element-e18f031 elementor-widget elementor-widget-heading\" data-id=\"e18f031\" data-element_type=\"widget\" data-widget_type=\"heading.default\">\n\t\t\t\t<div class=\"elementor-widget-container\">\n\t\t\t\t\t<h2 class=\"elementor-heading-title elementor-size-default\">Nouveaut\u00e9s S\u00e9lectionn\u00e9es Par WFM Lounge Radio.<\/h2>\t\t\t\t<\/div>\n\t\t\t\t<\/div>\n\t\t\t\t\t<\/div>\n\t\t\t\t<\/div>\n\t\t<div class=\"elementor-element elementor-element-405ebc9 e-flex e-con-boxed e-con e-parent\" data-id=\"405ebc9\" data-element_type=\"container\">\n\t\t\t\t\t<div class=\"e-con-inner\">\n\t\t\t\t<div class=\"elementor-element elementor-element-bddcb69 elementor-widget-divider--separator-type-pattern elementor-widget-divider--no-spacing elementor-widget-divider--view-line elementor-widget elementor-widget-divider\" data-id=\"bddcb69\" data-element_type=\"widget\" data-widget_type=\"divider.default\">\n\t\t\t\t<div class=\"elementor-widget-container\">\n\t\t\t\t\t\t\t<div class=\"elementor-divider\" style=\"--divider-pattern-url: url(&quot;data:image\/svg+xml,%3Csvg xmlns=&#039;http:\/\/www.w3.org\/2000\/svg&#039; preserveAspectRatio=&#039;none&#039; overflow=&#039;visible&#039; height=&#039;100%&#039; viewBox=&#039;0 0 24 24&#039; fill=&#039;black&#039; stroke=&#039;none&#039;%3E%3Cpath d=&#039;M24,8v12H0V8H24z M24,4v1H0V4H24z&#039;\/%3E%3C\/svg%3E&quot;);\">\n\t\t\t<span class=\"elementor-divider-separator\">\n\t\t\t\t\t\t<\/span>\n\t\t<\/div>\n\t\t\t\t\t\t<\/div>\n\t\t\t\t<\/div>\n\t\t\t\t\t<\/div>\n\t\t\t\t<\/div>\n\t\t<div class=\"elementor-element elementor-element-db1e8fe e-flex e-con-boxed e-con e-parent\" data-id=\"db1e8fe\" data-element_type=\"container\">\n\t\t\t\t\t<div class=\"e-con-inner\">\n\t\t\t\t<div class=\"elementor-element elementor-element-8e27982 elementor-pagination-position-outside elementor-widget elementor-widget-image-carousel\" data-id=\"8e27982\" data-element_type=\"widget\" data-settings=\"{&quot;slides_to_show&quot;:&quot;3&quot;,&quot;navigation&quot;:&quot;dots&quot;,&quot;autoplay&quot;:&quot;yes&quot;,&quot;pause_on_hover&quot;:&quot;yes&quot;,&quot;pause_on_interaction&quot;:&quot;yes&quot;,&quot;autoplay_speed&quot;:5000,&quot;infinite&quot;:&quot;yes&quot;,&quot;speed&quot;:500}\" data-widget_type=\"image-carousel.default\">\n\t\t\t\t<div class=\"elementor-widget-container\">\n\t\t\t\t\t\t\t<div class=\"elementor-image-carousel-wrapper swiper\" role=\"region\" aria-roledescription=\"carousel\" aria-label=\"Carrousel d\u2019images\" dir=\"ltr\">\n\t\t\t<div class=\"elementor-image-carousel swiper-wrapper\" aria-live=\"off\">\n\t\t\t\t\t\t\t\t<div class=\"swiper-slide\" role=\"group\" aria-roledescription=\"slide\" aria-label=\"1 sur 6\"><figure class=\"swiper-slide-inner\"><img decoding=\"async\" class=\"swiper-slide-image\" src=\"https:\/\/wfmloungeradio.com\/wp-content\/uploads\/2020\/06\/Ill-Always-Love-You-ARTWORK-150x150.jpg\" alt=\"I&#039;ll Always Love You ARTWORK\" \/><\/figure><\/div><div class=\"swiper-slide\" role=\"group\" aria-roledescription=\"slide\" aria-label=\"2 sur 6\"><figure class=\"swiper-slide-inner\"><img decoding=\"async\" class=\"swiper-slide-image\" src=\"https:\/\/wfmloungeradio.com\/wp-content\/uploads\/2020\/06\/IMG-20260430-WA0003-150x150.jpg\" alt=\"IMG-20260430-WA0003\" \/><\/figure><\/div><div class=\"swiper-slide\" role=\"group\" aria-roledescription=\"slide\" aria-label=\"3 sur 6\"><figure class=\"swiper-slide-inner\"><img decoding=\"async\" class=\"swiper-slide-image\" src=\"https:\/\/wfmloungeradio.com\/wp-content\/uploads\/2020\/06\/MY-SUNSHINE-3000X3000-150x150.png\" alt=\"MY SUNSHINE 3000X3000\" \/><\/figure><\/div><div class=\"swiper-slide\" role=\"group\" aria-roledescription=\"slide\" aria-label=\"4 sur 6\"><figure class=\"swiper-slide-inner\"><img decoding=\"async\" class=\"swiper-slide-image\" src=\"https:\/\/wfmloungeradio.com\/wp-content\/uploads\/2020\/06\/Show-Me-Graphic-Final-150x150.jpeg\" alt=\"Show Me Graphic Final\" \/><\/figure><\/div><div class=\"swiper-slide\" role=\"group\" aria-roledescription=\"slide\" aria-label=\"5 sur 6\"><figure class=\"swiper-slide-inner\"><img decoding=\"async\" class=\"swiper-slide-image\" src=\"https:\/\/wfmloungeradio.com\/wp-content\/uploads\/2020\/06\/Windy-Art-150x150.jpeg\" alt=\"Memories Animated Music Album Cover Art - 1\" \/><\/figure><\/div><div class=\"swiper-slide\" role=\"group\" aria-roledescription=\"slide\" aria-label=\"6 sur 6\"><figure class=\"swiper-slide-inner\"><img decoding=\"async\" class=\"swiper-slide-image\" src=\"https:\/\/wfmloungeradio.com\/wp-content\/uploads\/2020\/06\/BflyLadyDi-You-Make-Me-Happy-cd-cover-150x150.jpg\" alt=\"YOU MAKE ME HAPPY cd cover final\" \/><\/figure><\/div>\t\t\t<\/div>\n\t\t\t\t\t\t\t\n\t\t\t\t\t\t\t\t\t<div class=\"swiper-pagination\"><\/div>\n\t\t\t\t\t\t\t\t\t<\/div>\n\t\t\t\t\t\t<\/div>\n\t\t\t\t<\/div>\n\t\t\t\t\t<\/div>\n\t\t\t\t<\/div>\n\t\t<div class=\"elementor-element elementor-element-490b664 e-flex e-con-boxed e-con e-parent\" data-id=\"490b664\" data-element_type=\"container\">\n\t\t\t\t\t<div class=\"e-con-inner\">\n\t\t\t\t<div class=\"elementor-element elementor-element-145fee4 elementor-widget elementor-widget-heading\" data-id=\"145fee4\" data-element_type=\"widget\" data-widget_type=\"heading.default\">\n\t\t\t\t<div class=\"elementor-widget-container\">\n\t\t\t\t\t<h2 class=\"elementor-heading-title elementor-size-default\">Les Plateformes De Diffusion &amp; Partenaires.<\/h2>\t\t\t\t<\/div>\n\t\t\t\t<\/div>\n\t\t\t\t\t<\/div>\n\t\t\t\t<\/div>\n\t\t<div class=\"elementor-element elementor-element-b31b285 e-flex e-con-boxed e-con e-parent\" data-id=\"b31b285\" data-element_type=\"container\">\n\t\t\t\t\t<div class=\"e-con-inner\">\n\t\t\t\t<div class=\"elementor-element elementor-element-4d0b433 elementor-widget-divider--separator-type-pattern elementor-widget-divider--no-spacing elementor-widget-divider--view-line elementor-widget elementor-widget-divider\" data-id=\"4d0b433\" data-element_type=\"widget\" data-widget_type=\"divider.default\">\n\t\t\t\t<div class=\"elementor-widget-container\">\n\t\t\t\t\t\t\t<div class=\"elementor-divider\" style=\"--divider-pattern-url: url(&quot;data:image\/svg+xml,%3Csvg xmlns=&#039;http:\/\/www.w3.org\/2000\/svg&#039; preserveAspectRatio=&#039;none&#039; overflow=&#039;visible&#039; height=&#039;100%&#039; viewBox=&#039;0 0 24 24&#039; fill=&#039;black&#039; stroke=&#039;none&#039;%3E%3Cpath d=&#039;M24,8v12H0V8H24z M24,4v1H0V4H24z&#039;\/%3E%3C\/svg%3E&quot;);\">\n\t\t\t<span class=\"elementor-divider-separator\">\n\t\t\t\t\t\t<\/span>\n\t\t<\/div>\n\t\t\t\t\t\t<\/div>\n\t\t\t\t<\/div>\n\t\t\t\t\t<\/div>\n\t\t\t\t<\/div>\n\t\t<div class=\"elementor-element elementor-element-2a415f3 e-flex e-con-boxed e-con e-parent\" data-id=\"2a415f3\" data-element_type=\"container\">\n\t\t\t\t\t<div class=\"e-con-inner\">\n\t\t\t\t<div class=\"elementor-element elementor-element-e218343 elementor-pagination-position-outside elementor-widget elementor-widget-image-carousel\" data-id=\"e218343\" data-element_type=\"widget\" data-settings=\"{&quot;slides_to_show&quot;:&quot;3&quot;,&quot;navigation&quot;:&quot;dots&quot;,&quot;autoplay&quot;:&quot;yes&quot;,&quot;pause_on_hover&quot;:&quot;yes&quot;,&quot;pause_on_interaction&quot;:&quot;yes&quot;,&quot;autoplay_speed&quot;:5000,&quot;infinite&quot;:&quot;yes&quot;,&quot;speed&quot;:500}\" data-widget_type=\"image-carousel.default\">\n\t\t\t\t<div class=\"elementor-widget-container\">\n\t\t\t\t\t\t\t<div class=\"elementor-image-carousel-wrapper swiper\" role=\"region\" aria-roledescription=\"carousel\" aria-label=\"Carrousel d\u2019images\" dir=\"ltr\">\n\t\t\t<div class=\"elementor-image-carousel swiper-wrapper\" aria-live=\"off\">\n\t\t\t\t\t\t\t\t<div class=\"swiper-slide\" role=\"group\" aria-roledescription=\"slide\" aria-label=\"1 sur 15\"><figure class=\"swiper-slide-inner\"><img decoding=\"async\" class=\"swiper-slide-image\" src=\"https:\/\/wfmloungeradio.com\/wp-content\/uploads\/2020\/06\/my-Tuner-100-X-100-1.png\" alt=\"my-Tuner-100-X-100\" \/><\/figure><\/div><div class=\"swiper-slide\" role=\"group\" aria-roledescription=\"slide\" aria-label=\"2 sur 15\"><figure class=\"swiper-slide-inner\"><img decoding=\"async\" class=\"swiper-slide-image\" src=\"https:\/\/wfmloungeradio.com\/wp-content\/uploads\/2020\/06\/unnamed.png\" alt=\"unnamed\" \/><\/figure><\/div><div class=\"swiper-slide\" role=\"group\" aria-roledescription=\"slide\" aria-label=\"3 sur 15\"><figure class=\"swiper-slide-inner\"><img decoding=\"async\" class=\"swiper-slide-image\" src=\"https:\/\/wfmloungeradio.com\/wp-content\/uploads\/2020\/06\/logo-share-radioline-1-1.png\" alt=\"logo-share-radioline-1\" \/><\/figure><\/div><div class=\"swiper-slide\" role=\"group\" aria-roledescription=\"slide\" aria-label=\"4 sur 15\"><figure class=\"swiper-slide-inner\"><img decoding=\"async\" class=\"swiper-slide-image\" src=\"https:\/\/wfmloungeradio.com\/wp-content\/uploads\/2020\/06\/telechargement-1.png\" alt=\"telechargement-1\" \/><\/figure><\/div><div class=\"swiper-slide\" role=\"group\" aria-roledescription=\"slide\" aria-label=\"5 sur 15\"><figure class=\"swiper-slide-inner\"><img decoding=\"async\" class=\"swiper-slide-image\" src=\"https:\/\/wfmloungeradio.com\/wp-content\/uploads\/2020\/06\/deezer-100-X-100-2.png\" alt=\"deezer-100-X-100\" \/><\/figure><\/div><div class=\"swiper-slide\" role=\"group\" aria-roledescription=\"slide\" aria-label=\"6 sur 15\"><figure class=\"swiper-slide-inner\"><img decoding=\"async\" class=\"swiper-slide-image\" src=\"https:\/\/wfmloungeradio.com\/wp-content\/uploads\/2020\/06\/Ecouter-radio-en-ligne-100-X-100-1.png\" alt=\"Ecouter-radio-en-ligne-100-X-100\" \/><\/figure><\/div><div class=\"swiper-slide\" role=\"group\" aria-roledescription=\"slide\" aria-label=\"7 sur 15\"><figure class=\"swiper-slide-inner\"><img decoding=\"async\" class=\"swiper-slide-image\" src=\"https:\/\/wfmloungeradio.com\/wp-content\/uploads\/2020\/06\/Annuaire-100-X-100-1.png\" alt=\"Annuaire-100-X-100\" \/><\/figure><\/div><div class=\"swiper-slide\" role=\"group\" aria-roledescription=\"slide\" aria-label=\"8 sur 15\"><figure class=\"swiper-slide-inner\"><img decoding=\"async\" class=\"swiper-slide-image\" src=\"https:\/\/wfmloungeradio.com\/wp-content\/uploads\/2020\/06\/Radioguide.FM-100X100-1.png\" alt=\"Radioguide.FM-100X100\" \/><\/figure><\/div><div class=\"swiper-slide\" role=\"group\" aria-roledescription=\"slide\" aria-label=\"9 sur 15\"><figure class=\"swiper-slide-inner\"><img decoding=\"async\" class=\"swiper-slide-image\" src=\"https:\/\/wfmloungeradio.com\/wp-content\/uploads\/2020\/06\/91RRX9Q7yQL-1-1-1.png\" alt=\"91RRX9Q7yQL-1-1\" \/><\/figure><\/div><div class=\"swiper-slide\" role=\"group\" aria-roledescription=\"slide\" aria-label=\"10 sur 15\"><figure class=\"swiper-slide-inner\"><img decoding=\"async\" class=\"swiper-slide-image\" src=\"https:\/\/wfmloungeradio.com\/wp-content\/uploads\/2020\/06\/TUNE-IN-100-X-100-1.png\" alt=\"TUNE-IN-100-X-100\" \/><\/figure><\/div><div class=\"swiper-slide\" role=\"group\" aria-roledescription=\"slide\" aria-label=\"11 sur 15\"><figure class=\"swiper-slide-inner\"><img decoding=\"async\" class=\"swiper-slide-image\" src=\"https:\/\/wfmloungeradio.com\/wp-content\/uploads\/2020\/06\/Stellar-100-X-100-1.png\" alt=\"Stellar-100-X-100\" \/><\/figure><\/div><div class=\"swiper-slide\" role=\"group\" aria-roledescription=\"slide\" aria-label=\"12 sur 15\"><figure class=\"swiper-slide-inner\"><img decoding=\"async\" class=\"swiper-slide-image\" src=\"https:\/\/wfmloungeradio.com\/wp-content\/uploads\/2020\/06\/Motown-100-X-100-1.png\" alt=\"Motown-100-X-100\" \/><\/figure><\/div><div class=\"swiper-slide\" role=\"group\" aria-roledescription=\"slide\" aria-label=\"13 sur 15\"><figure class=\"swiper-slide-inner\"><img decoding=\"async\" class=\"swiper-slide-image\" src=\"https:\/\/wfmloungeradio.com\/wp-content\/uploads\/2020\/06\/Disco-Soul-Gold-100-X-100-1.png\" alt=\"Disco-Soul-Gold-100-X-100\" \/><\/figure><\/div><div class=\"swiper-slide\" role=\"group\" aria-roledescription=\"slide\" aria-label=\"14 sur 15\"><figure class=\"swiper-slide-inner\"><img decoding=\"async\" class=\"swiper-slide-image\" src=\"https:\/\/wfmloungeradio.com\/wp-content\/uploads\/2020\/06\/11zon_resized.png\" alt=\"11zon_resized\" \/><\/figure><\/div><div class=\"swiper-slide\" role=\"group\" aria-roledescription=\"slide\" aria-label=\"15 sur 15\"><figure class=\"swiper-slide-inner\"><img decoding=\"async\" class=\"swiper-slide-image\" src=\"https:\/\/wfmloungeradio.com\/wp-content\/uploads\/2020\/06\/Tuned-radios-100-x-100.png\" alt=\"Tuned radios 100 x 100\" \/><\/figure><\/div>\t\t\t<\/div>\n\t\t\t\t\t\t\t\n\t\t\t\t\t\t\t\t\t<div class=\"swiper-pagination\"><\/div>\n\t\t\t\t\t\t\t\t\t<\/div>\n\t\t\t\t\t\t<\/div>\n\t\t\t\t<\/div>\n\t\t\t\t\t<\/div>\n\t\t\t\t<\/div>\n\t\t\t\t<\/div>\n\t\t","protected":false},"excerpt":{"rendered":"<p>Nouveaut\u00e9s S\u00e9lectionn\u00e9es Par WFM Lounge Radio. Les Plateformes De Diffusion &amp; Partenaires.<\/p>\n","protected":false},"author":1,"featured_media":8083,"parent":0,"menu_order":0,"comment_status":"closed","ping_status":"closed","template":"","meta":{"footnotes":""},"class_list":["post-6301","page","type-page","status-publish","has-post-thumbnail","hentry"],"yoast_head":"<!-- This site is optimized with the Yoast SEO plugin v25.9 - https:\/\/yoast.com\/wordpress\/plugins\/seo\/ -->\n<title>MUSIC NEWS - WFM LOUNGE RADIO<\/title>\n<meta name=\"robots\" content=\"index, follow, max-snippet:-1, max-image-preview:large, max-video-preview:-1\" \/>\n<link rel=\"canonical\" href=\"https:\/\/wfmloungeradio.com\/index.php\/media-2\/\" \/>\n<meta property=\"og:locale\" content=\"fr_FR\" \/>\n<meta property=\"og:type\" content=\"article\" \/>\n<meta property=\"og:title\" content=\"MUSIC NEWS - WFM LOUNGE RADIO\" \/>\n<meta property=\"og:description\" content=\"Nouveaut\u00e9s S\u00e9lectionn\u00e9es Par WFM Lounge Radio. Les Plateformes De Diffusion &amp; Partenaires.\" \/>\n<meta property=\"og:url\" content=\"https:\/\/wfmloungeradio.com\/index.php\/media-2\/\" \/>\n<meta property=\"og:site_name\" content=\"WFM LOUNGE RADIO\" \/>\n<meta property=\"article:modified_time\" content=\"2026-05-14T06:44:20+00:00\" \/>\n<meta property=\"og:image\" content=\"https:\/\/wfmloungeradio.com\/wp-content\/uploads\/2025\/06\/81014d_b3d8945bc4ad4f42bdbd3fce29a35acfmv2.gif\" \/>\n\t<meta property=\"og:image:width\" content=\"1024\" \/>\n\t<meta property=\"og:image:height\" content=\"431\" \/>\n\t<meta property=\"og:image:type\" content=\"image\/gif\" \/>\n<meta name=\"twitter:card\" content=\"summary_large_image\" \/>\n<meta name=\"twitter:label1\" content=\"Dur\u00e9e de lecture estim\u00e9e\" \/>\n\t<meta name=\"twitter:data1\" content=\"7 minutes\" \/>\n<script type=\"application\/ld+json\" class=\"yoast-schema-graph\">{\"@context\":\"https:\/\/schema.org\",\"@graph\":[{\"@type\":\"WebPage\",\"@id\":\"https:\/\/wfmloungeradio.com\/index.php\/media-2\/\",\"url\":\"https:\/\/wfmloungeradio.com\/index.php\/media-2\/\",\"name\":\"MUSIC NEWS - WFM LOUNGE RADIO\",\"isPartOf\":{\"@id\":\"https:\/\/wfmloungeradio.com\/#website\"},\"primaryImageOfPage\":{\"@id\":\"https:\/\/wfmloungeradio.com\/index.php\/media-2\/#primaryimage\"},\"image\":{\"@id\":\"https:\/\/wfmloungeradio.com\/index.php\/media-2\/#primaryimage\"},\"thumbnailUrl\":\"https:\/\/wfmloungeradio.com\/wp-content\/uploads\/2025\/06\/81014d_b3d8945bc4ad4f42bdbd3fce29a35acfmv2.gif\",\"datePublished\":\"2024-11-30T10:26:34+00:00\",\"dateModified\":\"2026-05-14T06:44:20+00:00\",\"breadcrumb\":{\"@id\":\"https:\/\/wfmloungeradio.com\/index.php\/media-2\/#breadcrumb\"},\"inLanguage\":\"fr-FR\",\"potentialAction\":[{\"@type\":\"ReadAction\",\"target\":[\"https:\/\/wfmloungeradio.com\/index.php\/media-2\/\"]}]},{\"@type\":\"ImageObject\",\"inLanguage\":\"fr-FR\",\"@id\":\"https:\/\/wfmloungeradio.com\/index.php\/media-2\/#primaryimage\",\"url\":\"https:\/\/wfmloungeradio.com\/wp-content\/uploads\/2025\/06\/81014d_b3d8945bc4ad4f42bdbd3fce29a35acfmv2.gif\",\"contentUrl\":\"https:\/\/wfmloungeradio.com\/wp-content\/uploads\/2025\/06\/81014d_b3d8945bc4ad4f42bdbd3fce29a35acfmv2.gif\",\"width\":1024,\"height\":431},{\"@type\":\"BreadcrumbList\",\"@id\":\"https:\/\/wfmloungeradio.com\/index.php\/media-2\/#breadcrumb\",\"itemListElement\":[{\"@type\":\"ListItem\",\"position\":1,\"name\":\"Accueil\",\"item\":\"https:\/\/wfmloungeradio.com\/\"},{\"@type\":\"ListItem\",\"position\":2,\"name\":\"MUSIC NEWS\"}]},{\"@type\":\"WebSite\",\"@id\":\"https:\/\/wfmloungeradio.com\/#website\",\"url\":\"https:\/\/wfmloungeradio.com\/\",\"name\":\"WFM LOUNGE RADIO\",\"description\":\"Le Son Chic !\",\"publisher\":{\"@id\":\"https:\/\/wfmloungeradio.com\/#organization\"},\"potentialAction\":[{\"@type\":\"SearchAction\",\"target\":{\"@type\":\"EntryPoint\",\"urlTemplate\":\"https:\/\/wfmloungeradio.com\/?s={search_term_string}\"},\"query-input\":{\"@type\":\"PropertyValueSpecification\",\"valueRequired\":true,\"valueName\":\"search_term_string\"}}],\"inLanguage\":\"fr-FR\"},{\"@type\":\"Organization\",\"@id\":\"https:\/\/wfmloungeradio.com\/#organization\",\"name\":\"WFM LOUNGE RADIO\",\"url\":\"https:\/\/wfmloungeradio.com\/\",\"logo\":{\"@type\":\"ImageObject\",\"inLanguage\":\"fr-FR\",\"@id\":\"https:\/\/wfmloungeradio.com\/#\/schema\/logo\/image\/\",\"url\":\"https:\/\/wfmloungeradio.com\/wp-content\/uploads\/2020\/06\/WFM-LOUNGE-350-x-350-PNG.png\",\"contentUrl\":\"https:\/\/wfmloungeradio.com\/wp-content\/uploads\/2020\/06\/WFM-LOUNGE-350-x-350-PNG.png\",\"width\":350,\"height\":350,\"caption\":\"WFM LOUNGE RADIO\"},\"image\":{\"@id\":\"https:\/\/wfmloungeradio.com\/#\/schema\/logo\/image\/\"}}]}<\/script>\n<!-- \/ Yoast SEO plugin. -->","yoast_head_json":{"title":"MUSIC NEWS - WFM LOUNGE RADIO","robots":{"index":"index","follow":"follow","max-snippet":"max-snippet:-1","max-image-preview":"max-image-preview:large","max-video-preview":"max-video-preview:-1"},"canonical":"https:\/\/wfmloungeradio.com\/index.php\/media-2\/","og_locale":"fr_FR","og_type":"article","og_title":"MUSIC NEWS - WFM LOUNGE RADIO","og_description":"Nouveaut\u00e9s S\u00e9lectionn\u00e9es Par WFM Lounge Radio. Les Plateformes De Diffusion &amp; Partenaires.","og_url":"https:\/\/wfmloungeradio.com\/index.php\/media-2\/","og_site_name":"WFM LOUNGE RADIO","article_modified_time":"2026-05-14T06:44:20+00:00","og_image":[{"width":1024,"height":431,"url":"https:\/\/wfmloungeradio.com\/wp-content\/uploads\/2025\/06\/81014d_b3d8945bc4ad4f42bdbd3fce29a35acfmv2.gif","type":"image\/gif"}],"twitter_card":"summary_large_image","twitter_misc":{"Dur\u00e9e de lecture estim\u00e9e":"7 minutes"},"schema":{"@context":"https:\/\/schema.org","@graph":[{"@type":"WebPage","@id":"https:\/\/wfmloungeradio.com\/index.php\/media-2\/","url":"https:\/\/wfmloungeradio.com\/index.php\/media-2\/","name":"MUSIC NEWS - WFM LOUNGE RADIO","isPartOf":{"@id":"https:\/\/wfmloungeradio.com\/#website"},"primaryImageOfPage":{"@id":"https:\/\/wfmloungeradio.com\/index.php\/media-2\/#primaryimage"},"image":{"@id":"https:\/\/wfmloungeradio.com\/index.php\/media-2\/#primaryimage"},"thumbnailUrl":"https:\/\/wfmloungeradio.com\/wp-content\/uploads\/2025\/06\/81014d_b3d8945bc4ad4f42bdbd3fce29a35acfmv2.gif","datePublished":"2024-11-30T10:26:34+00:00","dateModified":"2026-05-14T06:44:20+00:00","breadcrumb":{"@id":"https:\/\/wfmloungeradio.com\/index.php\/media-2\/#breadcrumb"},"inLanguage":"fr-FR","potentialAction":[{"@type":"ReadAction","target":["https:\/\/wfmloungeradio.com\/index.php\/media-2\/"]}]},{"@type":"ImageObject","inLanguage":"fr-FR","@id":"https:\/\/wfmloungeradio.com\/index.php\/media-2\/#primaryimage","url":"https:\/\/wfmloungeradio.com\/wp-content\/uploads\/2025\/06\/81014d_b3d8945bc4ad4f42bdbd3fce29a35acfmv2.gif","contentUrl":"https:\/\/wfmloungeradio.com\/wp-content\/uploads\/2025\/06\/81014d_b3d8945bc4ad4f42bdbd3fce29a35acfmv2.gif","width":1024,"height":431},{"@type":"BreadcrumbList","@id":"https:\/\/wfmloungeradio.com\/index.php\/media-2\/#breadcrumb","itemListElement":[{"@type":"ListItem","position":1,"name":"Accueil","item":"https:\/\/wfmloungeradio.com\/"},{"@type":"ListItem","position":2,"name":"MUSIC NEWS"}]},{"@type":"WebSite","@id":"https:\/\/wfmloungeradio.com\/#website","url":"https:\/\/wfmloungeradio.com\/","name":"WFM LOUNGE RADIO","description":"Le Son Chic !","publisher":{"@id":"https:\/\/wfmloungeradio.com\/#organization"},"potentialAction":[{"@type":"SearchAction","target":{"@type":"EntryPoint","urlTemplate":"https:\/\/wfmloungeradio.com\/?s={search_term_string}"},"query-input":{"@type":"PropertyValueSpecification","valueRequired":true,"valueName":"search_term_string"}}],"inLanguage":"fr-FR"},{"@type":"Organization","@id":"https:\/\/wfmloungeradio.com\/#organization","name":"WFM LOUNGE RADIO","url":"https:\/\/wfmloungeradio.com\/","logo":{"@type":"ImageObject","inLanguage":"fr-FR","@id":"https:\/\/wfmloungeradio.com\/#\/schema\/logo\/image\/","url":"https:\/\/wfmloungeradio.com\/wp-content\/uploads\/2020\/06\/WFM-LOUNGE-350-x-350-PNG.png","contentUrl":"https:\/\/wfmloungeradio.com\/wp-content\/uploads\/2020\/06\/WFM-LOUNGE-350-x-350-PNG.png","width":350,"height":350,"caption":"WFM LOUNGE RADIO"},"image":{"@id":"https:\/\/wfmloungeradio.com\/#\/schema\/logo\/image\/"}}]}},"_links":{"self":[{"href":"https:\/\/wfmloungeradio.com\/index.php\/wp-json\/wp\/v2\/pages\/6301","targetHints":{"allow":["GET"]}}],"collection":[{"href":"https:\/\/wfmloungeradio.com\/index.php\/wp-json\/wp\/v2\/pages"}],"about":[{"href":"https:\/\/wfmloungeradio.com\/index.php\/wp-json\/wp\/v2\/types\/page"}],"author":[{"embeddable":true,"href":"https:\/\/wfmloungeradio.com\/index.php\/wp-json\/wp\/v2\/users\/1"}],"replies":[{"embeddable":true,"href":"https:\/\/wfmloungeradio.com\/index.php\/wp-json\/wp\/v2\/comments?post=6301"}],"version-history":[{"count":203,"href":"https:\/\/wfmloungeradio.com\/index.php\/wp-json\/wp\/v2\/pages\/6301\/revisions"}],"predecessor-version":[{"id":8851,"href":"https:\/\/wfmloungeradio.com\/index.php\/wp-json\/wp\/v2\/pages\/6301\/revisions\/8851"}],"wp:featuredmedia":[{"embeddable":true,"href":"https:\/\/wfmloungeradio.com\/index.php\/wp-json\/wp\/v2\/media\/8083"}],"wp:attachment":[{"href":"https:\/\/wfmloungeradio.com\/index.php\/wp-json\/wp\/v2\/media?parent=6301"}],"curies":[{"name":"wp","href":"https:\/\/api.w.org\/{rel}","templated":true}]}}